{"id":57,"date":"2022-08-15T17:30:25","date_gmt":"2022-08-15T17:30:25","guid":{"rendered":"https:\/\/tinyhouse.carbyneeng.com.br\/?page_id=57"},"modified":"2022-08-15T17:41:10","modified_gmt":"2022-08-15T17:41:10","slug":"em-construcao","status":"publish","type":"page","link":"https:\/\/tinyhouse.carbyneeng.com.br\/","title":{"rendered":"Em constru\u00e7\u00e3o"},"content":{"rendered":"\t\t<div data-elementor-type=\"wp-page\" data-elementor-id=\"57\" class=\"elementor elementor-57\">\n\t\t\t\t\t\t\t\t\t<section class=\"elementor-section elementor-top-section elementor-element elementor-element-2e71a6b elementor-section-boxed elementor-section-height-default elementor-section-height-default\" data-id=\"2e71a6b\" data-element_type=\"section\" data-settings=\"{&quot;background_background&quot;:&quot;classic&quot;}\">\n\t\t\t\t\t\t<div class=\"elementor-container elementor-column-gap-default\">\n\t\t\t\t\t<div class=\"elementor-column elementor-col-100 elementor-top-column elementor-element elementor-element-cb2eee5\" data-id=\"cb2eee5\" data-element_type=\"column\">\n\t\t\t<div class=\"elementor-widget-wrap elementor-element-populated\">\n\t\t\t\t\t\t\t\t<div class=\"elementor-element elementor-element-8756c9f elementor-widget elementor-widget-heading\" data-id=\"8756c9f\" data-element_type=\"widget\" data-widget_type=\"heading.default\">\n\t\t\t\t<div class=\"elementor-widget-container\">\n\t\t\t<style>\/*! elementor - v3.7.1 - 14-08-2022 *\/\n.elementor-heading-title{padding:0;margin:0;line-height:1}.elementor-widget-heading .elementor-heading-title[class*=elementor-size-]>a{color:inherit;font-size:inherit;line-height:inherit}.elementor-widget-heading .elementor-heading-title.elementor-size-small{font-size:15px}.elementor-widget-heading .elementor-heading-title.elementor-size-medium{font-size:19px}.elementor-widget-heading .elementor-heading-title.elementor-size-large{font-size:29px}.elementor-widget-heading .elementor-heading-title.elementor-size-xl{font-size:39px}.elementor-widget-heading .elementor-heading-title.elementor-size-xxl{font-size:59px}<\/style><h1 class=\"elementor-heading-title elementor-size-default\">Em constru\u00e7\u00e3o<\/h1>\t\t<\/div>\n\t\t\t\t<\/div>\n\t\t\t\t\t<\/div>\n\t\t<\/div>\n\t\t\t\t\t\t\t<\/div>\n\t\t<\/section>\n\t\t\t\t<section class=\"elementor-section elementor-top-section elementor-element elementor-element-5812245d elementor-section-boxed elementor-section-height-default elementor-section-height-default\" data-id=\"5812245d\" data-element_type=\"section\" data-settings=\"{&quot;background_background&quot;:&quot;classic&quot;}\">\n\t\t\t\t\t\t<div class=\"elementor-container elementor-column-gap-default\">\n\t\t\t\t\t<div class=\"elementor-column elementor-col-50 elementor-top-column elementor-element elementor-element-38c0187a\" data-id=\"38c0187a\" data-element_type=\"column\">\n\t\t\t<div class=\"elementor-widget-wrap elementor-element-populated\">\n\t\t\t\t\t\t\t\t<section class=\"elementor-section elementor-inner-section elementor-element elementor-element-606dce65 elementor-section-boxed elementor-section-height-default elementor-section-height-default\" data-id=\"606dce65\" data-element_type=\"section\">\n\t\t\t\t\t\t<div class=\"elementor-container elementor-column-gap-default\">\n\t\t\t\t\t<div class=\"elementor-column elementor-col-100 elementor-inner-column elementor-element elementor-element-43066d32\" data-id=\"43066d32\" data-element_type=\"column\">\n\t\t\t<div class=\"elementor-widget-wrap elementor-element-populated\">\n\t\t\t\t\t\t\t\t<div class=\"elementor-element elementor-element-3c71ad69 pp-info-box-left elementor-widget elementor-widget-pp-info-box\" data-id=\"3c71ad69\" data-element_type=\"widget\" data-settings=\"{&quot;icon_position&quot;:&quot;left&quot;}\" data-widget_type=\"pp-info-box.default\">\n\t\t\t\t<div class=\"elementor-widget-container\">\n\t\t\t\t\t<div class=\"pp-info-box-container\">\n\t\t<div class=\"pp-info-box\">\n\t\t\t\t\t\t\t<div class=\"pp-info-box-icon-wrap\">\n\t\t\t\t\t\t\t\t\t\t\t\t<span class=\"pp-info-box-icon pp-icon\">\n\t\t\t<img width=\"850\" height=\"850\" src=\"https:\/\/tinyhouse.carbyneeng.com.br\/wp-content\/uploads\/2022\/08\/Brasao.3D.png\" class=\"attachment-full size-full\" alt=\"\" loading=\"lazy\" \/>\t\t<\/span>\n\t\t\t\t\t\t\t\t\t\t\t<\/div>\n\t\t\t\t\t\t<div class=\"pp-info-box-content\">\n\t\t\t\t<div class=\"pp-info-box-title-wrap\">\n\t\t\t\t\t\t\t\t\t\t\t<div class=\"pp-info-box-title-container\" >\n\t\t\t\t\t\t\t<h4 class=\"pp-info-box-title\">\n\t\t\t\t\t\t\t\tBem Vindos\t\t\t\t\t\t\t<\/h4>\n\t\t\t\t\t\t<\/div>\n\t\t\t\t\t\t\t\t\t\t<\/div>\n\n\t\t\t\t\n\t\t\t\t\t\t\t\t\t<div class=\"pp-info-box-description\">\n\t\t\t\t\t\t<p>Pedimos a compreen\u00e7\u00e3o de todos pois no momento estamos desenvolvendo nossa plataforma.<\/p>\t\t\t\t\t<\/div>\n\t\t\t\t\t\t\t\t\t\t\t<\/div>\n\t\t<\/div>\n\t\t<\/div>\n\t\t\t\t<\/div>\n\t\t\t\t<\/div>\n\t\t\t\t\t<\/div>\n\t\t<\/div>\n\t\t\t\t\t\t\t<\/div>\n\t\t<\/section>\n\t\t\t\t<section class=\"elementor-section elementor-inner-section elementor-element elementor-element-70539d42 elementor-section-boxed elementor-section-height-default elementor-section-height-default\" data-id=\"70539d42\" data-element_type=\"section\">\n\t\t\t\t\t\t<div class=\"elementor-container elementor-column-gap-default\">\n\t\t\t\t\t<div class=\"elementor-column elementor-col-100 elementor-inner-column elementor-element elementor-element-5a8f3130\" data-id=\"5a8f3130\" data-element_type=\"column\">\n\t\t\t<div class=\"elementor-widget-wrap elementor-element-populated\">\n\t\t\t\t\t\t\t\t<div class=\"elementor-element elementor-element-11fe8873 pp-info-box-left elementor-widget elementor-widget-pp-info-box\" data-id=\"11fe8873\" data-element_type=\"widget\" data-settings=\"{&quot;icon_position&quot;:&quot;left&quot;}\" data-widget_type=\"pp-info-box.default\">\n\t\t\t\t<div class=\"elementor-widget-container\">\n\t\t\t\t\t<div class=\"pp-info-box-container\"href=\"http:\/\/wa.me\/5548998049822\">\n\t\t<div class=\"pp-info-box\">\n\t\t\t\t\t\t\t<div class=\"pp-info-box-icon-wrap\">\n\t\t\t\t\t\t\t\t\t\t\t\t<span class=\"pp-info-box-icon pp-icon\">\n\t\t\t<img width=\"70\" height=\"70\" src=\"https:\/\/tinyhouse.carbyneeng.com.br\/wp-content\/uploads\/2022\/08\/wha.png\" class=\"attachment-full size-full\" alt=\"\" loading=\"lazy\" \/>\t\t<\/span>\n\t\t\t\t\t\t\t\t\t\t\t<\/div>\n\t\t\t\t\t\t<div class=\"pp-info-box-content\">\n\t\t\t\t<div class=\"pp-info-box-title-wrap\">\n\t\t\t\t\t\t\t\t\t\t\t<div class=\"pp-info-box-title-container\" href=\"http:\/\/wa.me\/5548998049822\">\n\t\t\t\t\t\t\t<h4 class=\"pp-info-box-title\">\n\t\t\t\t\t\t\t\tAtendimento \t\t\t\t\t\t\t<\/h4>\n\t\t\t\t\t\t<\/div>\n\t\t\t\t\t\t\t\t\t\t<\/div>\n\n\t\t\t\t\n\t\t\t\t\t\t\t\t\t<div class=\"pp-info-box-description\">\n\t\t\t\t\t\t<p>Nossas atendimentos esta sendo direcionado diretamente via Whatsapp: +55 (48) 9 9804-9822<\/p>\t\t\t\t\t<\/div>\n\t\t\t\t\t\t\t\t\t\t\t\t\t\t\t<div class=\"pp-info-box-footer\">\n\t\t\t\t\t<a class=\"pp-info-box-button elementor-button elementor-size-md\"href=\"http:\/\/wa.me\/5548998049822\">\n\t\t\t\t\t\t\t\t\t\t\t\t\t\t\t\t\t\t\t<span class=\"pp-button-text\">\n\t\t\t\t\t\t\t\tContato\t\t\t\t\t\t\t<\/span>\n\t\t\t\t\t\t\t\t\t\t\t\t\t\t\t\t\t\t\t<span class='pp-button-icon pp-icon'>\n\t\t\t\t\t\t\t\t<i aria-hidden=\"true\" class=\"fab fa-whatsapp\"><\/i>\t\t\t\t\t\t\t<\/span>\n\t\t\t\t\t\t\t\t\t\t\t<\/a>\n\t\t\t\t<\/div>\n\t\t\t\t\t\t\t\t\t<\/div>\n\t\t<\/div>\n\t\t<\/div>\n\t\t\t\t<\/div>\n\t\t\t\t<\/div>\n\t\t\t\t\t<\/div>\n\t\t<\/div>\n\t\t\t\t\t\t\t<\/div>\n\t\t<\/section>\n\t\t\t\t<section class=\"elementor-section elementor-inner-section elementor-element elementor-element-3d9358de elementor-section-boxed elementor-section-height-default elementor-section-height-default\" data-id=\"3d9358de\" data-element_type=\"section\">\n\t\t\t\t\t\t<div class=\"elementor-container elementor-column-gap-default\">\n\t\t\t\t\t<div class=\"elementor-column elementor-col-100 elementor-inner-column elementor-element elementor-element-70fd799\" data-id=\"70fd799\" data-element_type=\"column\">\n\t\t\t<div class=\"elementor-widget-wrap\">\n\t\t\t\t\t\t\t\t\t<\/div>\n\t\t<\/div>\n\t\t\t\t\t\t\t<\/div>\n\t\t<\/section>\n\t\t\t\t\t<\/div>\n\t\t<\/div>\n\t\t\t\t<div class=\"elementor-column elementor-col-50 elementor-top-column elementor-element elementor-element-67091ed\" data-id=\"67091ed\" data-element_type=\"column\" data-settings=\"{&quot;background_background&quot;:&quot;slideshow&quot;,&quot;background_slideshow_gallery&quot;:[{&quot;id&quot;:68,&quot;url&quot;:&quot;https:\\\/\\\/tinyhouse.carbyneeng.com.br\\\/wp-content\\\/uploads\\\/2022\\\/08\\\/6.jpg&quot;},{&quot;id&quot;:64,&quot;url&quot;:&quot;https:\\\/\\\/tinyhouse.carbyneeng.com.br\\\/wp-content\\\/uploads\\\/2022\\\/08\\\/1.jpg&quot;},{&quot;id&quot;:67,&quot;url&quot;:&quot;https:\\\/\\\/tinyhouse.carbyneeng.com.br\\\/wp-content\\\/uploads\\\/2022\\\/08\\\/7.jpg&quot;},{&quot;id&quot;:52,&quot;url&quot;:&quot;https:\\\/\\\/tinyhouse.carbyneeng.com.br\\\/wp-content\\\/uploads\\\/2022\\\/08\\\/photo_2022-01-27_15-07-16.jpg&quot;}],&quot;background_slideshow_slide_duration&quot;:2000,&quot;background_slideshow_loop&quot;:&quot;yes&quot;,&quot;background_slideshow_slide_transition&quot;:&quot;fade&quot;,&quot;background_slideshow_transition_duration&quot;:500}\">\n\t\t\t<div class=\"elementor-widget-wrap elementor-element-populated\">\n\t\t\t\t\t\t\t\t<div class=\"elementor-element elementor-element-121ca8f4 elementor-widget elementor-widget-spacer\" data-id=\"121ca8f4\" data-element_type=\"widget\" data-widget_type=\"spacer.default\">\n\t\t\t\t<div class=\"elementor-widget-container\">\n\t\t\t<style>\/*! elementor - v3.7.1 - 14-08-2022 *\/\n.elementor-column .elementor-spacer-inner{height:var(--spacer-size)}.e-container{--container-widget-width:100%}.e-container>.elementor-widget-spacer{width:var(--container-widget-width,var(--spacer-size));-ms-flex-item-align:stretch;align-self:stretch;-ms-flex-negative:0;flex-shrink:0}.e-container>.elementor-widget-spacer>.elementor-widget-container,.e-container>.elementor-widget-spacer>.elementor-widget-container>.elementor-spacer{height:100%}.e-container>.elementor-widget-spacer>.elementor-widget-container>.elementor-spacer>.elementor-spacer-inner{height:var(--container-widget-height,var(--spacer-size))}<\/style>\t\t<div class=\"elementor-spacer\">\n\t\t\t<div class=\"elementor-spacer-inner\"><\/div>\n\t\t<\/div>\n\t\t\t\t<\/div>\n\t\t\t\t<\/div>\n\t\t\t\t\t<\/div>\n\t\t<\/div>\n\t\t\t\t\t\t\t<\/div>\n\t\t<\/section>\n\t\t\t\t\t\t\t<\/div>\n\t\t","protected":false},"excerpt":{"rendered":"<p>Em constru\u00e7\u00e3o Bem Vindos Pedimos a compreen\u00e7\u00e3o de todos pois no momento estamos desenvolvendo nossa plataforma. Atendimento Nossas atendimentos esta sendo direcionado diretamente via Whatsapp: +55 (48) 9 9804-9822 Contato<\/p>\n","protected":false},"author":1,"featured_media":0,"parent":0,"menu_order":0,"comment_status":"closed","ping_status":"closed","template":"elementor_canvas","meta":{"_monsterinsights_skip_tracking":false,"_monsterinsights_sitenote_active":false,"_monsterinsights_sitenote_note":"","_monsterinsights_sitenote_category":0},"aioseo_notices":[],"_links":{"self":[{"href":"https:\/\/tinyhouse.carbyneeng.com.br\/index.php\/wp-json\/wp\/v2\/pages\/57"}],"collection":[{"href":"https:\/\/tinyhouse.carbyneeng.com.br\/index.php\/wp-json\/wp\/v2\/pages"}],"about":[{"href":"https:\/\/tinyhouse.carbyneeng.com.br\/index.php\/wp-json\/wp\/v2\/types\/page"}],"author":[{"embeddable":true,"href":"https:\/\/tinyhouse.carbyneeng.com.br\/index.php\/wp-json\/wp\/v2\/users\/1"}],"replies":[{"embeddable":true,"href":"https:\/\/tinyhouse.carbyneeng.com.br\/index.php\/wp-json\/wp\/v2\/comments?post=57"}],"version-history":[{"count":7,"href":"https:\/\/tinyhouse.carbyneeng.com.br\/index.php\/wp-json\/wp\/v2\/pages\/57\/revisions"}],"predecessor-version":[{"id":75,"href":"https:\/\/tinyhouse.carbyneeng.com.br\/index.php\/wp-json\/wp\/v2\/pages\/57\/revisions\/75"}],"wp:attachment":[{"href":"https:\/\/tinyhouse.carbyneeng.com.br\/index.php\/wp-json\/wp\/v2\/media?parent=57"}],"curies":[{"name":"wp","href":"https:\/\/api.w.org\/{rel}","templated":true}]}}